{"id":107,"date":"2022-01-27T11:02:36","date_gmt":"2022-01-27T10:02:36","guid":{"rendered":"https:\/\/www.dorotealaspaghetteria.it\/2022\/?page_id=107"},"modified":"2026-02-24T16:53:44","modified_gmt":"2026-02-24T15:53:44","slug":"lenoteca","status":"publish","type":"page","link":"https:\/\/www.dorotealaspaghetteria.it\/2022\/lenoteca\/","title":{"rendered":"Il tuo evento"},"content":{"rendered":"\t\t<div data-elementor-type=\"wp-page\" data-elementor-id=\"107\" class=\"elementor elementor-107\" data-elementor-post-type=\"page\">\n\t\t\t\t\t\t<section class=\"elementor-section elementor-top-section elementor-element elementor-element-498ac7d3 elementor-section-height-min-height elementor-section-content-top elementor-section-items-top elementor-section-boxed elementor-section-height-default\" data-id=\"498ac7d3\" data-element_type=\"section\" data-e-type=\"section\" data-settings=\"{&quot;background_background&quot;:&quot;classic&quot;}\">\n\t\t\t\t\t\t\t<div class=\"elementor-background-overlay\"><\/div>\n\t\t\t\t\t\t\t<div class=\"elementor-container elementor-column-gap-default\">\n\t\t\t\t\t<div class=\"elementor-column elementor-col-100 elementor-top-column elementor-element elementor-element-2fb01589\" data-id=\"2fb01589\" data-element_type=\"column\" data-e-type=\"column\">\n\t\t\t<div class=\"elementor-widget-wrap elementor-element-populated\">\n\t\t\t\t\t\t<div class=\"elementor-element elementor-element-62ac14c8 animated-slow elementor-widget__width-initial elementor-invisible elementor-widget elementor-widget-heading\" data-id=\"62ac14c8\" data-element_type=\"widget\" data-e-type=\"widget\" data-settings=\"{&quot;_animation&quot;:&quot;fadeIn&quot;}\" data-widget_type=\"heading.default\">\n\t\t\t\t<div class=\"elementor-widget-container\">\n\t\t\t\t\t<h2 class=\"elementor-heading-title elementor-size-default\">il tuo <br>evento <\/h2>\t\t\t\t<\/div>\n\t\t\t\t<\/div>\n\t\t\t\t\t<\/div>\n\t\t<\/div>\n\t\t\t\t\t<\/div>\n\t\t<\/section>\n\t\t\t\t<section class=\"elementor-section elementor-top-section elementor-element elementor-element-3ef55fa9 elementor-section-content-middle elementor-section-boxed elementor-section-height-default elementor-section-height-default\" data-id=\"3ef55fa9\" data-element_type=\"section\" data-e-type=\"section\">\n\t\t\t\t\t\t<div class=\"elementor-container elementor-column-gap-default\">\n\t\t\t\t\t<div class=\"elementor-column elementor-col-100 elementor-top-column elementor-element elementor-element-6f9dbc41\" data-id=\"6f9dbc41\" data-element_type=\"column\" data-e-type=\"column\">\n\t\t\t<div class=\"elementor-widget-wrap elementor-element-populated\">\n\t\t\t\t\t\t<div class=\"elementor-element elementor-element-babaf9e elementor-widget__width-initial elementor-widget elementor-widget-text-editor\" data-id=\"babaf9e\" data-element_type=\"widget\" data-e-type=\"widget\" data-widget_type=\"text-editor.default\">\n\t\t\t\t<div class=\"elementor-widget-container\">\n\t\t\t\t\t\t\t\t\t<h4><span style=\"color: inherit; font-family: inherit; font-size: 2.5rem;\">Il tuo evento<\/span><\/h4>\n<h4><span style=\"color: inherit; font-family: inherit; font-size: 2.5rem;\"> cucito su misura<\/span><\/h4>\n<h4><span style=\"color: inherit; font-family: inherit; font-size: 2.5rem;\">&nbsp;<\/span><\/h4>\n<div><p><span style=\"color: inherit; font-family: inherit; font-size: 2.5rem;\">&nbsp;<\/span>Qualunque sia la tua occasione speciale,&nbsp;a Dorotea abbiamo un unico obiettivo:&nbsp;<br>renderla indimenticabile.&nbsp;<\/p>\n<p>Non crediamo nei men\u00f9 prestampati o nelle celebrazioni standardizzate.&nbsp;<\/p><\/div>\n<div>&nbsp;<\/div>\n<div>Per noi, ogni evento \u00e8 un progetto unico che merita un approccio&nbsp;<b data-path-to-node=\"5\" data-index-in-node=\"252\">sartoriale<\/b><\/div>\n<p><\/p>\n<p data-path-to-node=\"6\">Costruiamo ogni men\u00f9 partendo dai tuoi desideri&nbsp;<\/p>\n<p data-path-to-node=\"6\">e dalla stagionalit\u00e0 delle nostre materie prime biologiche.&nbsp;<\/p>\n<p data-path-to-node=\"6\">\n<\/p><p data-path-to-node=\"6\">\n<\/p><p data-path-to-node=\"6\">Che si tratti di un incontro intimo nella nostra sala da 30 posti&nbsp;<\/p>\n<p data-path-to-node=\"6\">o di un momento magico nel nostro giardino sotto le stelle,&nbsp;<\/p>\n<p data-path-to-node=\"6\">riceverai la stessa dedizione e <b data-path-to-node=\"6\" data-index-in-node=\"266\">integrit\u00e0<\/b> che dedichiamo alla nostra cucina quotidiana.&nbsp;<\/p>\n<p data-path-to-node=\"6\">\n<\/p><p data-path-to-node=\"6\">Dalla scelta del vino artigianale perfetto all&#8217;impiattamento espresso,&nbsp;<\/p>\n<p data-path-to-node=\"6\">curiamo ogni dettaglio affinch\u00e9 la tua ricorrenza sia un manifesto di buon gusto e autenticit\u00e0.<\/p>\t\t\t\t\t\t\t\t<\/div>\n\t\t\t\t<\/div>\n\t\t\t\t\t<\/div>\n\t\t<\/div>\n\t\t\t\t\t<\/div>\n\t\t<\/section>\n\t\t\t\t<section class=\"elementor-section elementor-top-section elementor-element elementor-element-f63aef2 elementor-section-boxed elementor-section-height-default elementor-section-height-default\" data-id=\"f63aef2\" data-element_type=\"section\" data-e-type=\"section\">\n\t\t\t\t\t\t<div class=\"elementor-container elementor-column-gap-default\">\n\t\t\t\t\t<div class=\"elementor-column elementor-col-100 elementor-top-column elementor-element elementor-element-22acafd\" data-id=\"22acafd\" data-element_type=\"column\" data-e-type=\"column\">\n\t\t\t<div class=\"elementor-widget-wrap elementor-element-populated\">\n\t\t\t\t\t\t<div class=\"elementor-element elementor-element-05bbe9a elementor-widget elementor-widget-gallery\" data-id=\"05bbe9a\" data-element_type=\"widget\" data-e-type=\"widget\" data-settings=\"{&quot;gallery_layout&quot;:&quot;masonry&quot;,&quot;columns&quot;:2,&quot;lazyload&quot;:&quot;yes&quot;,&quot;columns_tablet&quot;:2,&quot;columns_mobile&quot;:1,&quot;gap&quot;:{&quot;unit&quot;:&quot;px&quot;,&quot;size&quot;:10,&quot;sizes&quot;:[]},&quot;gap_laptop&quot;:{&quot;unit&quot;:&quot;px&quot;,&quot;size&quot;:10,&quot;sizes&quot;:[]},&quot;gap_tablet&quot;:{&quot;unit&quot;:&quot;px&quot;,&quot;size&quot;:10,&quot;sizes&quot;:[]},&quot;gap_mobile&quot;:{&quot;unit&quot;:&quot;px&quot;,&quot;size&quot;:10,&quot;sizes&quot;:[]},&quot;link_to&quot;:&quot;file&quot;,&quot;overlay_background&quot;:&quot;yes&quot;,&quot;content_hover_animation&quot;:&quot;fade-in&quot;}\" data-widget_type=\"gallery.default\">\n\t\t\t\t<div class=\"elementor-widget-container\">\n\t\t\t\t\t\t\t<div class=\"elementor-gallery__container\">\n\t\t\t\t\t\t\t<a class=\"e-gallery-item elementor-gallery-item elementor-animated-content\" href=\"https:\/\/www.dorotealaspaghetteria.it\/2022\/wp-content\/uploads\/2024\/04\/Dorotea-648-scaled.jpg\" data-elementor-open-lightbox=\"yes\" data-elementor-lightbox-slideshow=\"05bbe9a\" data-elementor-lightbox-title=\"Dorotea (648)\" data-e-action-hash=\"#elementor-action%3Aaction%3Dlightbox%26settings%3DeyJpZCI6NjExLCJ1cmwiOiJodHRwczpcL1wvd3d3LmRvcm90ZWFsYXNwYWdoZXR0ZXJpYS5pdFwvMjAyMlwvd3AtY29udGVudFwvdXBsb2Fkc1wvMjAyNFwvMDRcL0Rvcm90ZWEtNjQ4LXNjYWxlZC5qcGciLCJzbGlkZXNob3ciOiIwNWJiZTlhIn0%3D\">\n\t\t\t\t\t<div class=\"e-gallery-image elementor-gallery-item__image\" data-thumbnail=\"https:\/\/www.dorotealaspaghetteria.it\/2022\/wp-content\/uploads\/2024\/04\/Dorotea-648-1024x683.jpg\" data-width=\"800\" data-height=\"534\" aria-label=\"\" role=\"img\" ><\/div>\n\t\t\t\t\t\t\t\t\t\t\t<div class=\"elementor-gallery-item__overlay\"><\/div>\n\t\t\t\t\t\t\t\t\t\t\t\t\t\t<\/a>\n\t\t\t\t\t\t\t<a class=\"e-gallery-item elementor-gallery-item elementor-animated-content\" href=\"https:\/\/www.dorotealaspaghetteria.it\/2022\/wp-content\/uploads\/2024\/04\/Dorotea-191-scaled.jpg\" data-elementor-open-lightbox=\"yes\" data-elementor-lightbox-slideshow=\"05bbe9a\" data-elementor-lightbox-title=\"Dorotea (191)\" data-e-action-hash=\"#elementor-action%3Aaction%3Dlightbox%26settings%3DeyJpZCI6NjA3LCJ1cmwiOiJodHRwczpcL1wvd3d3LmRvcm90ZWFsYXNwYWdoZXR0ZXJpYS5pdFwvMjAyMlwvd3AtY29udGVudFwvdXBsb2Fkc1wvMjAyNFwvMDRcL0Rvcm90ZWEtMTkxLXNjYWxlZC5qcGciLCJzbGlkZXNob3ciOiIwNWJiZTlhIn0%3D\">\n\t\t\t\t\t<div class=\"e-gallery-image elementor-gallery-item__image\" data-thumbnail=\"https:\/\/www.dorotealaspaghetteria.it\/2022\/wp-content\/uploads\/2024\/04\/Dorotea-191-1024x683.jpg\" data-width=\"800\" data-height=\"534\" aria-label=\"\" role=\"img\" ><\/div>\n\t\t\t\t\t\t\t\t\t\t\t<div class=\"elementor-gallery-item__overlay\"><\/div>\n\t\t\t\t\t\t\t\t\t\t\t\t\t\t<\/a>\n\t\t\t\t\t\t\t<a class=\"e-gallery-item elementor-gallery-item elementor-animated-content\" href=\"https:\/\/www.dorotealaspaghetteria.it\/2022\/wp-content\/uploads\/2024\/04\/Dorotea-676-scaled.jpg\" data-elementor-open-lightbox=\"yes\" data-elementor-lightbox-slideshow=\"05bbe9a\" data-elementor-lightbox-title=\"Dorotea (676)\" data-e-action-hash=\"#elementor-action%3Aaction%3Dlightbox%26settings%3DeyJpZCI6NjA5LCJ1cmwiOiJodHRwczpcL1wvd3d3LmRvcm90ZWFsYXNwYWdoZXR0ZXJpYS5pdFwvMjAyMlwvd3AtY29udGVudFwvdXBsb2Fkc1wvMjAyNFwvMDRcL0Rvcm90ZWEtNjc2LXNjYWxlZC5qcGciLCJzbGlkZXNob3ciOiIwNWJiZTlhIn0%3D\">\n\t\t\t\t\t<div class=\"e-gallery-image elementor-gallery-item__image\" data-thumbnail=\"https:\/\/www.dorotealaspaghetteria.it\/2022\/wp-content\/uploads\/2024\/04\/Dorotea-676-1024x683.jpg\" data-width=\"800\" data-height=\"534\" aria-label=\"\" role=\"img\" ><\/div>\n\t\t\t\t\t\t\t\t\t\t\t<div class=\"elementor-gallery-item__overlay\"><\/div>\n\t\t\t\t\t\t\t\t\t\t\t\t\t\t<\/a>\n\t\t\t\t\t\t\t<a class=\"e-gallery-item elementor-gallery-item elementor-animated-content\" href=\"https:\/\/www.dorotealaspaghetteria.it\/2022\/wp-content\/uploads\/2024\/04\/Dorotea-142-scaled.jpg\" data-elementor-open-lightbox=\"yes\" data-elementor-lightbox-slideshow=\"05bbe9a\" data-elementor-lightbox-title=\"Dorotea (142)\" data-e-action-hash=\"#elementor-action%3Aaction%3Dlightbox%26settings%3DeyJpZCI6NjA2LCJ1cmwiOiJodHRwczpcL1wvd3d3LmRvcm90ZWFsYXNwYWdoZXR0ZXJpYS5pdFwvMjAyMlwvd3AtY29udGVudFwvdXBsb2Fkc1wvMjAyNFwvMDRcL0Rvcm90ZWEtMTQyLXNjYWxlZC5qcGciLCJzbGlkZXNob3ciOiIwNWJiZTlhIn0%3D\">\n\t\t\t\t\t<div class=\"e-gallery-image elementor-gallery-item__image\" data-thumbnail=\"https:\/\/www.dorotealaspaghetteria.it\/2022\/wp-content\/uploads\/2024\/04\/Dorotea-142-1024x683.jpg\" data-width=\"800\" data-height=\"534\" aria-label=\"\" role=\"img\" ><\/div>\n\t\t\t\t\t\t\t\t\t\t\t<div class=\"elementor-gallery-item__overlay\"><\/div>\n\t\t\t\t\t\t\t\t\t\t\t\t\t\t<\/a>\n\t\t\t\t\t\t\t<a class=\"e-gallery-item elementor-gallery-item elementor-animated-content\" href=\"https:\/\/www.dorotealaspaghetteria.it\/2022\/wp-content\/uploads\/2024\/04\/Dorotea-138-scaled.jpg\" data-elementor-open-lightbox=\"yes\" data-elementor-lightbox-slideshow=\"05bbe9a\" data-elementor-lightbox-title=\"Dorotea (138)\" data-e-action-hash=\"#elementor-action%3Aaction%3Dlightbox%26settings%3DeyJpZCI6NjA0LCJ1cmwiOiJodHRwczpcL1wvd3d3LmRvcm90ZWFsYXNwYWdoZXR0ZXJpYS5pdFwvMjAyMlwvd3AtY29udGVudFwvdXBsb2Fkc1wvMjAyNFwvMDRcL0Rvcm90ZWEtMTM4LXNjYWxlZC5qcGciLCJzbGlkZXNob3ciOiIwNWJiZTlhIn0%3D\">\n\t\t\t\t\t<div class=\"e-gallery-image elementor-gallery-item__image\" data-thumbnail=\"https:\/\/www.dorotealaspaghetteria.it\/2022\/wp-content\/uploads\/2024\/04\/Dorotea-138-683x1024.jpg\" data-width=\"683\" data-height=\"1024\" aria-label=\"\" role=\"img\" ><\/div>\n\t\t\t\t\t\t\t\t\t\t\t<div class=\"elementor-gallery-item__overlay\"><\/div>\n\t\t\t\t\t\t\t\t\t\t\t\t\t\t<\/a>\n\t\t\t\t\t\t\t<a class=\"e-gallery-item elementor-gallery-item elementor-animated-content\" href=\"https:\/\/www.dorotealaspaghetteria.it\/2022\/wp-content\/uploads\/2024\/04\/Dorotea-693-scaled.jpg\" data-elementor-open-lightbox=\"yes\" data-elementor-lightbox-slideshow=\"05bbe9a\" data-elementor-lightbox-title=\"Dorotea (693)\" data-e-action-hash=\"#elementor-action%3Aaction%3Dlightbox%26settings%3DeyJpZCI6NjEwLCJ1cmwiOiJodHRwczpcL1wvd3d3LmRvcm90ZWFsYXNwYWdoZXR0ZXJpYS5pdFwvMjAyMlwvd3AtY29udGVudFwvdXBsb2Fkc1wvMjAyNFwvMDRcL0Rvcm90ZWEtNjkzLXNjYWxlZC5qcGciLCJzbGlkZXNob3ciOiIwNWJiZTlhIn0%3D\">\n\t\t\t\t\t<div class=\"e-gallery-image elementor-gallery-item__image\" data-thumbnail=\"https:\/\/www.dorotealaspaghetteria.it\/2022\/wp-content\/uploads\/2024\/04\/Dorotea-693-1024x683.jpg\" data-width=\"800\" data-height=\"534\" aria-label=\"\" role=\"img\" ><\/div>\n\t\t\t\t\t\t\t\t\t\t\t<div class=\"elementor-gallery-item__overlay\"><\/div>\n\t\t\t\t\t\t\t\t\t\t\t\t\t\t<\/a>\n\t\t\t\t\t\t\t<a class=\"e-gallery-item elementor-gallery-item elementor-animated-content\" href=\"https:\/\/www.dorotealaspaghetteria.it\/2022\/wp-content\/uploads\/2024\/04\/Dorotea-99-scaled.jpg\" data-elementor-open-lightbox=\"yes\" data-elementor-lightbox-slideshow=\"05bbe9a\" data-elementor-lightbox-title=\"Dorotea (99)\" data-e-action-hash=\"#elementor-action%3Aaction%3Dlightbox%26settings%3DeyJpZCI6NjAyLCJ1cmwiOiJodHRwczpcL1wvd3d3LmRvcm90ZWFsYXNwYWdoZXR0ZXJpYS5pdFwvMjAyMlwvd3AtY29udGVudFwvdXBsb2Fkc1wvMjAyNFwvMDRcL0Rvcm90ZWEtOTktc2NhbGVkLmpwZyIsInNsaWRlc2hvdyI6IjA1YmJlOWEifQ%3D%3D\">\n\t\t\t\t\t<div class=\"e-gallery-image elementor-gallery-item__image\" data-thumbnail=\"https:\/\/www.dorotealaspaghetteria.it\/2022\/wp-content\/uploads\/2024\/04\/Dorotea-99-683x1024.jpg\" data-width=\"683\" data-height=\"1024\" aria-label=\"\" role=\"img\" ><\/div>\n\t\t\t\t\t\t\t\t\t\t\t<div class=\"elementor-gallery-item__overlay\"><\/div>\n\t\t\t\t\t\t\t\t\t\t\t\t\t\t<\/a>\n\t\t\t\t\t\t\t<a class=\"e-gallery-item elementor-gallery-item elementor-animated-content\" href=\"https:\/\/www.dorotealaspaghetteria.it\/2022\/wp-content\/uploads\/2024\/04\/Dorotea-300-scaled.jpg\" data-elementor-open-lightbox=\"yes\" data-elementor-lightbox-slideshow=\"05bbe9a\" data-elementor-lightbox-title=\"Dorotea (300)\" data-e-action-hash=\"#elementor-action%3Aaction%3Dlightbox%26settings%3DeyJpZCI6NjA4LCJ1cmwiOiJodHRwczpcL1wvd3d3LmRvcm90ZWFsYXNwYWdoZXR0ZXJpYS5pdFwvMjAyMlwvd3AtY29udGVudFwvdXBsb2Fkc1wvMjAyNFwvMDRcL0Rvcm90ZWEtMzAwLXNjYWxlZC5qcGciLCJzbGlkZXNob3ciOiIwNWJiZTlhIn0%3D\">\n\t\t\t\t\t<div class=\"e-gallery-image elementor-gallery-item__image\" data-thumbnail=\"https:\/\/www.dorotealaspaghetteria.it\/2022\/wp-content\/uploads\/2024\/04\/Dorotea-300-683x1024.jpg\" data-width=\"683\" data-height=\"1024\" aria-label=\"\" role=\"img\" ><\/div>\n\t\t\t\t\t\t\t\t\t\t\t<div class=\"elementor-gallery-item__overlay\"><\/div>\n\t\t\t\t\t\t\t\t\t\t\t\t\t\t<\/a>\n\t\t\t\t\t\t\t<a class=\"e-gallery-item elementor-gallery-item elementor-animated-content\" href=\"https:\/\/www.dorotealaspaghetteria.it\/2022\/wp-content\/uploads\/2024\/04\/Dorotea-44-scaled.jpg\" data-elementor-open-lightbox=\"yes\" data-elementor-lightbox-slideshow=\"05bbe9a\" data-elementor-lightbox-title=\"Dorotea (44)\" data-e-action-hash=\"#elementor-action%3Aaction%3Dlightbox%26settings%3DeyJpZCI6NjAxLCJ1cmwiOiJodHRwczpcL1wvd3d3LmRvcm90ZWFsYXNwYWdoZXR0ZXJpYS5pdFwvMjAyMlwvd3AtY29udGVudFwvdXBsb2Fkc1wvMjAyNFwvMDRcL0Rvcm90ZWEtNDQtc2NhbGVkLmpwZyIsInNsaWRlc2hvdyI6IjA1YmJlOWEifQ%3D%3D\">\n\t\t\t\t\t<div class=\"e-gallery-image elementor-gallery-item__image\" data-thumbnail=\"https:\/\/www.dorotealaspaghetteria.it\/2022\/wp-content\/uploads\/2024\/04\/Dorotea-44-1024x683.jpg\" data-width=\"800\" data-height=\"534\" aria-label=\"\" role=\"img\" ><\/div>\n\t\t\t\t\t\t\t\t\t\t\t<div class=\"elementor-gallery-item__overlay\"><\/div>\n\t\t\t\t\t\t\t\t\t\t\t\t\t\t<\/a>\n\t\t\t\t\t\t\t<a class=\"e-gallery-item elementor-gallery-item elementor-animated-content\" href=\"https:\/\/www.dorotealaspaghetteria.it\/2022\/wp-content\/uploads\/2024\/04\/Dorotea-33-scaled.jpg\" data-elementor-open-lightbox=\"yes\" data-elementor-lightbox-slideshow=\"05bbe9a\" data-elementor-lightbox-title=\"Dorotea (33)\" data-e-action-hash=\"#elementor-action%3Aaction%3Dlightbox%26settings%3DeyJpZCI6NTk5LCJ1cmwiOiJodHRwczpcL1wvd3d3LmRvcm90ZWFsYXNwYWdoZXR0ZXJpYS5pdFwvMjAyMlwvd3AtY29udGVudFwvdXBsb2Fkc1wvMjAyNFwvMDRcL0Rvcm90ZWEtMzMtc2NhbGVkLmpwZyIsInNsaWRlc2hvdyI6IjA1YmJlOWEifQ%3D%3D\">\n\t\t\t\t\t<div class=\"e-gallery-image elementor-gallery-item__image\" data-thumbnail=\"https:\/\/www.dorotealaspaghetteria.it\/2022\/wp-content\/uploads\/2024\/04\/Dorotea-33-1024x683.jpg\" data-width=\"800\" data-height=\"534\" aria-label=\"\" role=\"img\" ><\/div>\n\t\t\t\t\t\t\t\t\t\t\t<div class=\"elementor-gallery-item__overlay\"><\/div>\n\t\t\t\t\t\t\t\t\t\t\t\t\t\t<\/a>\n\t\t\t\t\t\t\t<a class=\"e-gallery-item elementor-gallery-item elementor-animated-content\" href=\"https:\/\/www.dorotealaspaghetteria.it\/2022\/wp-content\/uploads\/2024\/04\/Dorotea-36-scaled.jpg\" data-elementor-open-lightbox=\"yes\" data-elementor-lightbox-slideshow=\"05bbe9a\" data-elementor-lightbox-title=\"Dorotea (36)\" data-e-action-hash=\"#elementor-action%3Aaction%3Dlightbox%26settings%3DeyJpZCI6NjAwLCJ1cmwiOiJodHRwczpcL1wvd3d3LmRvcm90ZWFsYXNwYWdoZXR0ZXJpYS5pdFwvMjAyMlwvd3AtY29udGVudFwvdXBsb2Fkc1wvMjAyNFwvMDRcL0Rvcm90ZWEtMzYtc2NhbGVkLmpwZyIsInNsaWRlc2hvdyI6IjA1YmJlOWEifQ%3D%3D\">\n\t\t\t\t\t<div class=\"e-gallery-image elementor-gallery-item__image\" data-thumbnail=\"https:\/\/www.dorotealaspaghetteria.it\/2022\/wp-content\/uploads\/2024\/04\/Dorotea-36-1024x683.jpg\" data-width=\"800\" data-height=\"534\" aria-label=\"\" role=\"img\" ><\/div>\n\t\t\t\t\t\t\t\t\t\t\t<div class=\"elementor-gallery-item__overlay\"><\/div>\n\t\t\t\t\t\t\t\t\t\t\t\t\t\t<\/a>\n\t\t\t\t\t\t\t<a class=\"e-gallery-item elementor-gallery-item elementor-animated-content\" href=\"https:\/\/www.dorotealaspaghetteria.it\/2022\/wp-content\/uploads\/2024\/04\/Dorotea-140-scaled.jpg\" data-elementor-open-lightbox=\"yes\" data-elementor-lightbox-slideshow=\"05bbe9a\" data-elementor-lightbox-title=\"Dorotea (140)\" data-e-action-hash=\"#elementor-action%3Aaction%3Dlightbox%26settings%3DeyJpZCI6NjA1LCJ1cmwiOiJodHRwczpcL1wvd3d3LmRvcm90ZWFsYXNwYWdoZXR0ZXJpYS5pdFwvMjAyMlwvd3AtY29udGVudFwvdXBsb2Fkc1wvMjAyNFwvMDRcL0Rvcm90ZWEtMTQwLXNjYWxlZC5qcGciLCJzbGlkZXNob3ciOiIwNWJiZTlhIn0%3D\">\n\t\t\t\t\t<div class=\"e-gallery-image elementor-gallery-item__image\" data-thumbnail=\"https:\/\/www.dorotealaspaghetteria.it\/2022\/wp-content\/uploads\/2024\/04\/Dorotea-140-683x1024.jpg\" data-width=\"683\" data-height=\"1024\" aria-label=\"\" role=\"img\" ><\/div>\n\t\t\t\t\t\t\t\t\t\t\t<div class=\"elementor-gallery-item__overlay\"><\/div>\n\t\t\t\t\t\t\t\t\t\t\t\t\t\t<\/a>\n\t\t\t\t\t\t\t<a class=\"e-gallery-item elementor-gallery-item elementor-animated-content\" href=\"https:\/\/www.dorotealaspaghetteria.it\/2022\/wp-content\/uploads\/2024\/04\/Dorotea-121-scaled.jpg\" data-elementor-open-lightbox=\"yes\" data-elementor-lightbox-slideshow=\"05bbe9a\" data-elementor-lightbox-title=\"Dorotea (121)\" data-e-action-hash=\"#elementor-action%3Aaction%3Dlightbox%26settings%3DeyJpZCI6NjAzLCJ1cmwiOiJodHRwczpcL1wvd3d3LmRvcm90ZWFsYXNwYWdoZXR0ZXJpYS5pdFwvMjAyMlwvd3AtY29udGVudFwvdXBsb2Fkc1wvMjAyNFwvMDRcL0Rvcm90ZWEtMTIxLXNjYWxlZC5qcGciLCJzbGlkZXNob3ciOiIwNWJiZTlhIn0%3D\">\n\t\t\t\t\t<div class=\"e-gallery-image elementor-gallery-item__image\" data-thumbnail=\"https:\/\/www.dorotealaspaghetteria.it\/2022\/wp-content\/uploads\/2024\/04\/Dorotea-121-683x1024.jpg\" data-width=\"683\" data-height=\"1024\" aria-label=\"\" role=\"img\" ><\/div>\n\t\t\t\t\t\t\t\t\t\t\t<div class=\"elementor-gallery-item__overlay\"><\/div>\n\t\t\t\t\t\t\t\t\t\t\t\t\t\t<\/a>\n\t\t\t\t\t\t\t<a class=\"e-gallery-item elementor-gallery-item elementor-animated-content\" href=\"https:\/\/www.dorotealaspaghetteria.it\/2022\/wp-content\/uploads\/2024\/04\/Dorotea-13-scaled.jpg\" data-elementor-open-lightbox=\"yes\" data-elementor-lightbox-slideshow=\"05bbe9a\" data-elementor-lightbox-title=\"Dorotea (13)\" data-e-action-hash=\"#elementor-action%3Aaction%3Dlightbox%26settings%3DeyJpZCI6NTk4LCJ1cmwiOiJodHRwczpcL1wvd3d3LmRvcm90ZWFsYXNwYWdoZXR0ZXJpYS5pdFwvMjAyMlwvd3AtY29udGVudFwvdXBsb2Fkc1wvMjAyNFwvMDRcL0Rvcm90ZWEtMTMtc2NhbGVkLmpwZyIsInNsaWRlc2hvdyI6IjA1YmJlOWEifQ%3D%3D\">\n\t\t\t\t\t<div class=\"e-gallery-image elementor-gallery-item__image\" data-thumbnail=\"https:\/\/www.dorotealaspaghetteria.it\/2022\/wp-content\/uploads\/2024\/04\/Dorotea-13-1024x683.jpg\" data-width=\"800\" data-height=\"534\" aria-label=\"\" role=\"img\" ><\/div>\n\t\t\t\t\t\t\t\t\t\t\t<div class=\"elementor-gallery-item__overlay\"><\/div>\n\t\t\t\t\t\t\t\t\t\t\t\t\t\t<\/a>\n\t\t\t\t\t<\/div>\n\t\t\t\t\t<\/div>\n\t\t\t\t<\/div>\n\t\t\t\t\t<\/div>\n\t\t<\/div>\n\t\t\t\t\t<\/div>\n\t\t<\/section>\n\t\t\t\t<\/div>\n\t\t","protected":false},"excerpt":{"rendered":"<p>il tuo evento Il tuo evento cucito su misura &nbsp; &nbsp;Qualunque sia la tua occasione speciale,&nbsp;a Dorotea abbiamo un unico obiettivo:&nbsp;renderla indimenticabile.&nbsp; Non crediamo nei men\u00f9 prestampati o nelle celebrazioni standardizzate.&nbsp; &nbsp; Per noi, ogni evento \u00e8 un progetto unico che merita un approccio&nbsp;sartoriale Costruiamo ogni men\u00f9 partendo dai tuoi desideri&nbsp; e dalla stagionalit\u00e0 delle [&hellip;]<\/p>\n","protected":false},"author":1,"featured_media":0,"parent":0,"menu_order":0,"comment_status":"closed","ping_status":"closed","template":"elementor_header_footer","meta":{"footnotes":""},"class_list":["post-107","page","type-page","status-publish","hentry"],"_links":{"self":[{"href":"https:\/\/www.dorotealaspaghetteria.it\/2022\/wp-json\/wp\/v2\/pages\/107","targetHints":{"allow":["GET"]}}],"collection":[{"href":"https:\/\/www.dorotealaspaghetteria.it\/2022\/wp-json\/wp\/v2\/pages"}],"about":[{"href":"https:\/\/www.dorotealaspaghetteria.it\/2022\/wp-json\/wp\/v2\/types\/page"}],"author":[{"embeddable":true,"href":"https:\/\/www.dorotealaspaghetteria.it\/2022\/wp-json\/wp\/v2\/users\/1"}],"replies":[{"embeddable":true,"href":"https:\/\/www.dorotealaspaghetteria.it\/2022\/wp-json\/wp\/v2\/comments?post=107"}],"version-history":[{"count":29,"href":"https:\/\/www.dorotealaspaghetteria.it\/2022\/wp-json\/wp\/v2\/pages\/107\/revisions"}],"predecessor-version":[{"id":1277,"href":"https:\/\/www.dorotealaspaghetteria.it\/2022\/wp-json\/wp\/v2\/pages\/107\/revisions\/1277"}],"wp:attachment":[{"href":"https:\/\/www.dorotealaspaghetteria.it\/2022\/wp-json\/wp\/v2\/media?parent=107"}],"curies":[{"name":"wp","href":"https:\/\/api.w.org\/{rel}","templated":true}]}}